  {"id":153,"date":"2016-05-06T19:49:19","date_gmt":"2016-05-06T19:49:19","guid":{"rendered":"http:\/\/www.montclair.edu\/admissions\/?page_id=153"},"modified":"2025-03-17T10:52:00","modified_gmt":"2025-03-17T14:52:00","slug":"how-to-apply","status":"publish","type":"page","link":"https:\/\/www.montclair.edu\/admissions\/apply-and-check-status\/how-to-apply\/","title":{"rendered":"How to Apply"},"content":{"rendered":"<p>Ready to spread your wings and become a Red Hawk? Applying is easy, just follow our step-by-step process! If you have any questions, please <a href=\"http:\/\/www.montclair.edu\/admissions\/contact-us\/\">contact us<\/a>. Need to check your status? Get your application information here.\u00a0<strong>Si necesita ayuda en espa\u00f1ol<\/strong>: Por favor <a href=\"https:\/\/www.montclair.edu\/admissions\/contact-us\/#spanish-speaking-counselors\">comun\u00edquese con uno de nuestros consejeros que hablan espa\u00f1ol<\/a>.<\/p>\n<ul>\n<li>If you are an international student, please visit the <a href=\"https:\/\/www.montclair.edu\/international-admissions\/\">International Admissions page<\/a> for more information about your application process.<\/li>\n<li>If you are interested in an online degree program, please visit the <a href=\"https:\/\/www.montclair.edu\/online\/apply-now\/\">Online Programs page<\/a> for more information.<\/li>\n<li>Have questions about Bloomfield College of ÌÇÐÄvlog? <a href=\"https:\/\/www.montclair.edu\/admissions\/apply-and-check-status\/bloomfield-college-of-montclair-state-university-admission-faqs\/\">Visit our Bloomfield Admissions FAQ page<\/a>.<\/li>\n<li>If you were homeschooled, please visit our <a href=\"https:\/\/www.montclair.edu\/admissions\/apply-and-check-status\/how-to-apply\/requirements-for-homeschooled-students\/\">Requirements For Homeschooled Students page<\/a>.<\/li>\n<\/ul>\n<div class=\"prpl-row\">\n<div class=\"prpl-column one-third\"><span class=\"prpl-button full-width ghost-red\"><a href=\"\/admissions\/apply-and-check-status\/how-to-apply\/freshman-applicants\/\">Freshman Applicants<\/a><\/span><\/div>\n<div class=\"prpl-column one-third\"><span class=\"prpl-button full-width ghost-red\"><a href=\"https:\/\/www.montclair.edu\/admissions\/apply-and-check-status\/how-to-apply\/transfer-applicants\/\">Transfer Applicants<\/a><\/span><\/div>\n<div class=\"prpl-column one-third\"><span class=\"prpl-button full-width ghost-red\"><a href=\"http:\/\/www.montclair.edu\/admissions\/apply-and-check-status\/how-to-apply\/eof-applicants\/\">EOF Applicants<\/a><\/span><\/div>\n<\/div><div class=\"prpl-row\">\n<div class=\"prpl-column one-third\"><span class=\"prpl-button full-width ghost-red\"><a href=\"http:\/\/www.montclair.edu\/admissions\/apply-and-check-status\/how-to-apply\/adult-student-applicants\/\">Adult Students<\/a><\/span><\/div>\n<div class=\"prpl-column one-third\"><span class=\"prpl-button full-width ghost-red\"><a href=\"https:\/\/www.montclair.edu\/early-college-program\/\">Early College Programs<\/a><\/span><\/div>\n<div class=\"prpl-column one-third\"><span class=\"prpl-button full-width ghost-red\"><a href=\"https:\/\/www.montclair.edu\/international-admissions\/how-to-apply\/\">International Students<\/a><\/span><\/div>\n<\/div><div class=\"prpl-row\">\n<div class=\"prpl-column one-third\"><span class=\"prpl-button full-width ghost-red\"><a href=\"http:\/\/www.montclair.edu\/admissions\/apply-and-check-status\/how-to-apply\/military-applicants\/\">Military\/Veteran Students<\/a><\/span><\/div>\n<div class=\"prpl-column one-third\"><span class=\"prpl-button full-width ghost-red\"><a href=\"http:\/\/www.montclair.edu\/admissions\/apply-and-check-status\/how-to-apply\/visiting-student-applicants\/\">Visiting Students<\/a><\/span><\/div>\n<div class=\"prpl-column one-third\"><span class=\"prpl-button full-width ghost-red\"><a href=\"http:\/\/www.montclair.edu\/admissions\/apply-and-check-status\/how-to-apply\/nursing-applicants\/\">RN to BSN Students<\/a><\/span><\/div>\n<\/div><div class=\"prpl-row\">\n<div class=\"prpl-column one-third\"><span class=\"prpl-button full-width ghost-red\"><a href=\"http:\/\/www.montclair.edu\/admissions\/apply-and-check-status\/how-to-apply\/non-degree-applicants\/\">Non-Degree Students<\/a><\/span><\/div>\n<div class=\"prpl-column one-third\"><span class=\"prpl-button full-width ghost-red\"><a href=\"\/admissions\/apply-and-check-status\/how-to-apply\/readmit-applicants\/\">Readmit Applicants<\/a><\/span><\/div>\n<div class=\"prpl-column one-third\"><span class=\"prpl-button full-width ghost-red\"><a href=\"http:\/\/www.montclair.edu\/admissions\/apply-and-check-status\/how-to-apply\/second-bachelors-degree-applicants\/\">Second Bachelor&#8217;s Degree<\/a><\/span><\/div>\n<\/div><div class=\"prpl-row\">\n<div class=\"prpl-column one-third\"><span class=\"prpl-button full-width ghost-red\"><a href=\"https:\/\/www.montclair.edu\/online\/apply-now\/\">Online Program Applicants<\/a><\/span><\/div>\n<div class=\"prpl-column one-third\"><span class=\"prpl-button full-width ghost-red\"><a href=\"http:\/\/www.montclair.edu\/admissions\/montclair-state-two-plus-two\/\">2+2 Program Students<\/a><\/span><\/div>\n<div class=\"prpl-column one-third\"><span class=\"prpl-button full-width ghost-red\"><a href=\"https:\/\/www.montclair.edu\/admissions\/degree-completion-applicants\/\">Degree Completion Students<\/a><\/span><\/div>\n<\/div>\n<p>&nbsp;<\/p>\n","protected":false},"excerpt":{"rendered":"<p>Ready to spread your wings and become a Red Hawk? Applying is easy, just follow our step-by-step process! If you have any questions, please contact us. Need to check your status? Get your application information here.\u00a0Si necesita ayuda en espa\u00f1ol: Por favor comun\u00edquese con uno de nuestros consejeros que hablan espa\u00f1ol. If you are an [&hellip;]<\/p>\n","protected":false},"author":1,"featured_media":692,"parent":4,"menu_order":7,"comment_status":"closed","ping_status":"closed","template":"","meta":{"inline_featured_image":false,"footnotes":""},"class_list":["post-153","page","type-page","status-publish","has-post-thumbnail","hentry"],"_links":{"self":[{"href":"https:\/\/www.montclair.edu\/admissions\/wp-json\/wp\/v2\/pages\/153","targetHints":{"allow":["GET"]}}],"collection":[{"href":"https:\/\/www.montclair.edu\/admissions\/wp-json\/wp\/v2\/pages"}],"about":[{"href":"https:\/\/www.montclair.edu\/admissions\/wp-json\/wp\/v2\/types\/page"}],"author":[{"embeddable":true,"href":"https:\/\/www.montclair.edu\/admissions\/wp-json\/wp\/v2\/users\/1"}],"replies":[{"embeddable":true,"href":"https:\/\/www.montclair.edu\/admissions\/wp-json\/wp\/v2\/comments?post=153"}],"version-history":[{"count":45,"href":"https:\/\/www.montclair.edu\/admissions\/wp-json\/wp\/v2\/pages\/153\/revisions"}],"predecessor-version":[{"id":9356,"href":"https:\/\/www.montclair.edu\/admissions\/wp-json\/wp\/v2\/pages\/153\/revisions\/9356"}],"up":[{"embeddable":true,"href":"https:\/\/www.montclair.edu\/admissions\/wp-json\/wp\/v2\/pages\/4"}],"wp:featuredmedia":[{"embeddable":true,"href":"https:\/\/www.montclair.edu\/admissions\/wp-json\/wp\/v2\/media\/692"}],"wp:attachment":[{"href":"https:\/\/www.montclair.edu\/admissions\/wp-json\/wp\/v2\/media?parent=153"}],"curies":[{"name":"wp","href":"https:\/\/api.w.org\/{rel}","templated":true}]}}