  {"id":160,"date":"2022-02-15T09:19:28","date_gmt":"2022-02-15T14:19:28","guid":{"rendered":"http:\/\/www.montclair.edu\/disability-caucus\/?page_id=160"},"modified":"2025-03-26T13:21:09","modified_gmt":"2025-03-26T17:21:09","slug":"events","status":"publish","type":"page","link":"https:\/\/www.montclair.edu\/disability-caucus\/events\/","title":{"rendered":"Events"},"content":{"rendered":"<h2>Events for Academic Year 2024-2025<\/h2>\n<h3><strong>2025 Disability Pride Rally<br \/>\n<\/strong><strong>May 3 <\/strong>(rain date, May 17)<strong> in Montclair, details forthcoming<\/strong><\/h3>\n<p><strong style=\"font-size: 1.1em\">***FREE*** Disability Pride Art-Making Day, hosted by MAM (Montclair Art Museum)<\/strong><\/p>\n<p><img loading=\"lazy\" decoding=\"async\" src=\"http:\/\/www.montclair.edu\/disability-caucus\/wp-content\/uploads\/sites\/226\/2025\/03\/MAM-at-Disability-Pride-Parade-2022-300x202.jpg\" alt=\"MAM staff Celene Ryan with a handmade sign and Leah with a bullhorn; another attendee of the 2022 rally, a male wheelchair user (name unknown) is between them. All are smiling!\" width=\"300\" height=\"202\" \/><br \/>\nDear Artists, Students, Families, and Allies,<br \/>\nThe 5th annual Disability\u00a0Pride\u00a0Parade and Community Inclusion Fair\u00a0coming up on May 3.\u00a0As we all know, the best parades include\u00a0art! <b>We invite you, friends, and family to join us at MAM on Saturday, April 5, for a day of\u00a0Disability\u00a0Pride\u00a0Art\u00a0Making.<\/b><\/p>\n<p>Drop in to MAM\u2019s Geyer Studio anytime <b>12 &#8211;\u00a03 p.m.<\/b>\u00a0to create your own hand-made signs, banners, or wearable\u00a0art\u00a0to celebrate\u00a0disability\u00a0pride\u00a0and civil rights. All materials will be provided. This program is<b>\u00a0Free.\u00a0<\/b><b>\u00a0<\/b>Please share this invitation with your family, friends and community<b>!<\/b><\/p>\n<p><b>Disability\u00a0Pride\u00a0Art\u00a0Making Day<br \/>\n<\/b><b>Montclair Art Musuem<br \/>\n<\/b><b>3 South Mountain Avenue<br \/>\n<\/b><b>Saturday, April 5<br \/>\n<\/b><b>Drop in anytime between 12 p.m. to 3 p.m.<\/b><\/p>\n<p>&nbsp;<\/p>\n<p>&nbsp;<\/p>\n<h2><strong>Previous events:<\/strong><\/h2>\n<h2>Academic Year 2023-2024<\/h2>\n<h3><strong>2024 Disability Pride Parade and Rally<\/strong><\/h3>\n<p><strong>May 18 <\/strong>(rain date, May 19); <strong>1-4pm in Montclair<br \/>\nPlease see <a href=\"https:\/\/drive.google.com\/file\/d\/1AY4T5oqq8DIyqwGIO6vDwbJZREfUfXA5\/view?usp=sharing\">the full flyer and event details<\/a><br \/>\n<\/strong><br \/>\n<strong><a href=\"https:\/\/drive.google.com\/drive\/folders\/1GhFuVVixeLMGccDDYx7xPk_NGOTZvqIc?usp=sharing\">PICTURES AND NEWS STORIES<\/a> from and about the Pride Parade and Rally on May 18, 2024<\/strong><\/p>\n<h3>***<\/h3>\n<p><strong>Segal Gallery event &#8220;Art, Access, and Well-Being&#8221;<\/strong><\/p>\n<div><b>Confirmed event details:\u00a0<\/b>Thur 9\/28, 6 \u2013 7:30 pm, George Segal Gallery<\/div>\n<div>Tissue box workshop at 6 pm.<br \/>\nDiscussion with artist, Finnegan Shannon, and a member of the Disability Caucus at 7 pm.<\/div>\n<div><\/div>\n<div>\n<p><b>Event description:\u00a0<\/b>Design your own tissue box in this workshop with exhibiting artist Finnegan Shannon to draw attention to the simple and earnest ways comfort and hospitality can be fostered through gestures of generosity. Afterwards, join the artist for a discussion on disability, access, art and activism the Disability Caucus President, Alicia Broderick. Presented with the Department of Art and Design, co-sponsored by the Office for Social Justice &amp; Diversity and the Disability Caucus. <i>Please wear a mask for this event. <\/i>[Per the artist&#8217;s request \u2013 we will provide masks if attendees need]<\/p>\n<\/div>\n<div>\n<p><b>Access information: <\/b>We believe in making our events accessible and inclusive for everyone in our community. If you require accommodations or have questions about accessibility, please don\u2019t hesitate to contact Alyssa Leslie Villasenor at <a rel=\"noopener\" href=\"mailto:villasenora@montclair.edu\" target=\"_blank\">villasenora@montclair.edu<\/a> or 973-655-3382. We want to ensure that every participant attending our programs can engage fully without barriers or limitations. The Segal Gallery is located on the fourth floor of the Red Hawk Deck and accessible via elevator. The gallery is wheelchair accessible. Accessible gendered bathrooms are located inside. ASL services are available by request.<\/p>\n<p>&nbsp;<\/p>\n<\/div>\n<h2>Academic Year 2021-2022<\/h2>\n<h4><span style=\"text-decoration: underline\"><span style=\"color: #333333;font-size: 1.1em;text-decoration: underline\">Montclair Disability Pride Parade <\/span><\/span><\/h4>\n<p>Walk, Roll, and Rally with Disability Activist, families, friends, and allies!<\/p>\n<p><strong>Date:<\/strong> **SAVE THE DATE*** <span style=\"font-weight: 400\">May 20th (rain date May 21st)<br \/>\n<\/span><strong>Time: <\/strong>tba<br \/>\n<strong>Location:\u00a0 <\/strong>Heningburg Field in Montclair<br \/>\n(Located at the cross street of Chestnut St. and Midland Ave.)<\/p>\n<p><a href=\"http:\/\/www.montclair.edu\/disability-caucus\/wp-content\/uploads\/sites\/226\/2022\/04\/Disability-Pride-parade_-POSTER-2022.pdf\">Click Here for Full Pride Parade Event Flyer<\/a><\/p>\n<h4><span style=\"text-decoration: underline\"><span style=\"color: #333333;font-size: 1.1em;text-decoration: underline\">&#8220;Brown Bag&#8221; Series: Critical Conversations on Disability &amp; Ableism<\/span><\/span><\/h4>\n<p>Join us monthly for Critical Conversations on Disability and Activism.<br \/>\n<strong>April Topic:<\/strong> TBA<br \/>\n<strong>Date:<\/strong> TBA<br \/>\n<strong>Time:<\/strong> 4:00pm-5:00pm<br \/>\n<strong>Zoom Link:<\/strong> <a href=\"http:\/\/HTTPS:\/\/MONTCLAIR.ZOOM.US\/J\/82105242680\">https:\/\/montclair.zoom.us\/j\/82105242680<\/a><\/p>\n<div class=\"line number5 index4 alt2\"><a href=\"https:\/\/sites.google.com\/montclair.edu\/brownbagarchive\/brown-bag-archive\">Click Here for &#8220;Brown Bag&#8221; Archive to see past topics and resources.\u00a0\u00a0<\/a><\/div>\n<h4><strong><br \/>\n<span style=\"text-decoration: underline\">Forget Me Not&#8230;.<\/span><br \/>\n<\/strong><strong>(Film screening with panel discussion)<\/strong><br \/>\nrecording forthcoming<\/h4>\n<h4><strong><br \/>\n&#8220;<span style=\"text-decoration: underline\">I Do! Commit To Disabled Marriage Equality<\/span>&#8220;<\/strong><\/h4>\n<figure id=\"attachment_231\" class=\"responsive-image-holder wp-caption alignnone\"><img decoding=\"async\" class=\"mlt-responsive-image\" data-original-image=\"\/disability-caucus\/wp-content\/uploads\/sites\/226\/2023\/03\/I-DO.png\" src=\"\/responsive-media\/cache\/disability-caucus\/wp-content\/uploads\/sites\/226\/2023\/03\/I-DO.png.0.1x.generic.jpg\" alt=\"&quot;I Do! Commit to Disabled Marriage Equality!&quot; An evening of humor activism and love with Patrice Jetter, disabled artist and advocate from the Netflix, Worn Stories\"\/><figcaption class=\"wp-caption-text\">Patrice Cordially Invites you to a Mass Commitment Ceremony. If disabled Americans marry, they lose their benefits&#8230; Wed Feb 15, 2023<\/figcaption><\/figure>\n<p>Watch the Commitment Ceremony here! (forthcoming)<\/p>\n<p>Media about the event:<\/p>\n<p>\u201cCouples with disabilities risk benefits with marriage\u201d, PBS, NJ Spotlight (26 mins), 02\/16\/2023<br \/>\n<a href=\"https:\/\/www.pbs.org\/video\/nj-spotlight-news-february-16-2023-1676565110\/\">https:\/\/www.pbs.org\/video\/nj-spotlight-news-february-16-2023-1676565110\/<\/a><\/p>\n<p>\u201cCommitment ceremony held to draw attention to the rights of the disabled,\u201d by Gene Myers, Feb 16, 2023<br \/>\n<a href=\"https:\/\/www.northjersey.com\/story\/news\/2023\/02\/16\/commitment-ceremony-couples-with-disabilities-montclair-state-university-nj-patrice-jetter\/69892097007\/\">https:\/\/www.northjersey.com\/story\/news\/2023\/02\/16\/commitment-ceremony-couples-with-disabilities-montclair-state-university-nj-patrice-jetter\/69892097007\/<\/a><\/p>\n<h2><strong><span style=\"text-decoration: underline\"><br \/>\n<\/span><\/strong>Academic Year 2021-2022<\/h2>\n<h4><span style=\"text-decoration: underline\"><span style=\"color: #333333;font-size: 1.1em;text-decoration: underline\">Montclair Disability Pride Parade <\/span><\/span><\/h4>\n<p>Walk, Roll, and Rally with Disability Activist, families, friends, and allies!<\/p>\n<p><strong>Date:<\/strong> Sunday, May 1st (Rain Date: Saturday, May 7th)<br \/>\n<strong>Time:<\/strong>2:00-4:00pm<br \/>\n<strong>Location:\u00a0 <\/strong>Heningburg Field in Montclair<br \/>\n(Located at the cross street of Chestnut St. and Midland Ave.)<\/p>\n<p><a href=\"http:\/\/www.montclair.edu\/disability-caucus\/wp-content\/uploads\/sites\/226\/2022\/04\/Disability-Pride-parade_-POSTER-2022.pdf\">Click Here for Full Pride Parade Event Flyer<\/a><strong>\u00a0<\/strong><\/p>\n<h4><span style=\"text-decoration: underline\"><span style=\"color: #333333;font-size: 1.1em;text-decoration: underline\">&#8220;Brown Bag&#8221; Series: Critical Conversations on Disability &amp; Ableism<\/span><\/span><\/h4>\n<p>Join us monthly for Critical Conversations on Disability and Activism.<\/p>\n<div class=\"line number5 index4 alt2\"><a href=\"https:\/\/sites.google.com\/montclair.edu\/brownbagarchive\/brown-bag-archive\">Click Here for &#8220;Brown Bag&#8221; Archive to see past topics and resources.\u00a0\u00a0<\/a><\/div>\n<div><\/div>\n<div class=\"ahS2Le\">\n<h4><span style=\"text-decoration: underline\">Disability &#8211; No Laughing Matter: A Night of Comedy and Conversation about Ableism<br \/>\n<\/span>Featuring: Steve Way, Comedian\/Disability activist<\/h4>\n<\/div>\n<p>Hosted by the MSU Disability Caucus &amp; ReelAbilities NJ Film Festival.<br \/>\nApril 13, 2022<\/p>\n<p><img loading=\"lazy\" decoding=\"async\" src=\"http:\/\/www.montclair.edu\/disability-caucus\/wp-content\/uploads\/sites\/226\/2023\/03\/Steve-Way-image-300x75.png\" alt=\"A young male with light skin using a wheelchair and wearing a blue shirt, a red tie, and sunglasses. Behind him is a tan wall.\" width=\"300\" height=\"75\" \/><\/p>\n<figure class=\"responsive-image-holder wp-caption alignnone\"><img decoding=\"async\" class=\"mlt-responsive-image\" data-original-image=\"\/disability-caucus\/wp-content\/uploads\/sites\/226\/2022\/03\/unnamed.jpg\" src=\"\/responsive-media\/cache\/disability-caucus\/wp-content\/uploads\/sites\/226\/2022\/03\/unnamed.jpg.0.1x.generic.jpg\" alt=\"Image of Comedian Steve Way\"\/><figcaption class=\"wp-caption-text\">Close-up image of comedian Steve Way<\/figcaption><\/figure>\n<p>&nbsp;<\/p>\n<h4><span style=\"text-decoration: underline\"><span id=\"page1R_mcid1\" class=\"markedContent\"><span dir=\"ltr\" role=\"presentation\">\u201cCommitted: Remembering Native Kinship in and <\/span><span dir=\"ltr\" role=\"presentation\">beyond Institutions\u201d<\/span><\/span><\/span><br \/>\nDr. Susan Burch, Middlebury College &#8211; lecture, November 15, 2021<\/h4>\n<p><a href=\"http:\/\/www.montclair.edu\/disability-caucus\/wp-content\/uploads\/sites\/226\/2023\/03\/Committed-Flyer-Final-2-1.pdf\">Committed-Flyer-Final-2<\/a><\/p>\n<p><a href=\"http:\/\/www.montclair.edu\/disability-caucus\/wp-content\/uploads\/sites\/226\/2023\/03\/Burch_Committed_Montclair-State-University-2021.pptx\">Burch_Committed_ÌÇÐÄvlog 2021<\/a><\/p>\n<p>&nbsp;<\/p>\n<h4><span style=\"text-decoration: underline\"><span style=\"color: #333333;font-size: 1.1em;text-decoration: underline\">A Semester of Audio Description<\/span><\/span><\/h4>\n<div class=\"line number1 index0 alt2\">\n<p><a href=\"http:\/\/www.montclair.edu\/disability-caucus\/wp-content\/uploads\/sites\/226\/2022\/02\/A-Semester-of-Audio-Description-Event-Flyer-PDF.pdf\">Click Here for Event Flyer: A Semester of Audio Description Event Flyer (PDF)<\/a><br \/>\nRECORDINGS FORTHCOMING<\/p>\n<\/div>\n<div class=\"line number2 index1 alt1\">\n<p>A semester of Audio Description is part of the CHSS Dean&#8217;s Office for Interdisciplinary Projects: Accessible Media Initiatives. Several events were offered, including a lecture by <a href=\"https:\/\/yalebooks.yale.edu\/book\/9780300076806\/sight-unseen\">Sight Unseen<\/a> author, Georgina Kleege, entitled, <a href=\"https:\/\/www.montclair.edu\/calendar\/view-event.php?id=78537&amp;\">&#8220;What&#8217;s It To You?! Subjectivity in Audio Description&#8221; on Feb 24, 2022<\/a>, and a &#8220;cultural translation&#8221; workshop by Nefertiti Matos Olivares, an expert on cultural accessibility and audio description.<\/p>\n<p><img loading=\"lazy\" decoding=\"async\" src=\"http:\/\/www.montclair.edu\/disability-caucus\/wp-content\/uploads\/sites\/226\/2023\/03\/Cultural-ccessibility-and-AD-Bilingual-Workshop-Matos-225x300.jpg\" alt=\"Nefertiti Matos is a fervent advocate for accessible culture, tech, and transit. She currently works as the Partnership Development Coordinator for Dicapta, a provider of accessible media for people with sensory disabilities. Previously, Nefertiti worked as an Assistive Technology Educator for the New York Public Library, where she offered individual coaching, and created and facilitated group workshops on a range of tech topics for the blind and low vision community in both English and Spanish. Nefertiti strongly believes in doing her part to bring about a world in which universal access is the norm, not the exception. Follow her on Twitter: @NefMatOli\" width=\"225\" height=\"300\" \/><\/p>\n<p>All events are free and open to the public.<\/p>\n<p>For more information about each event, you can contact Dr. Mar\u00eda Jos\u00e9 Garc\u00eda-Vizca\u00edno at <a href=\"mailto:garciavizcam@montclair.edu\">garciavizcam@montclair.edu<\/a> or call 973 655 7507<\/p>\n<\/div>\n<p>&nbsp;<\/p>\n<h2>Academic Year 2020-21<\/h2>\n<p><strong>\u201cPursuing Disability Justice at ÌÇÐÄvlog\u201d: 2020 Social Justice Conference at ÌÇÐÄvlog<\/strong><\/p>\n<p><strong>Abstract:<\/strong> This workshop provides a brief critical historical overview of the institutional place of disability at MSU.\u00a0 We will compare and contrast the institution\u2019s historical and present stance toward disabled people as minoritized communities with the institution\u2019s past and present stances toward other historically minoritized communities (e.g., women, people of color, LGBTQ+ people, etc.).\u00a0 In so doing, we briefly review the progressive initiatives and achievements of rights-based movements historically, and also explore the limitations of rights-based movements for systemic change. We propose justice movements (as opposed to rights-based movements) as more promising possibilities for structural institutional and cultural change moving forward. We close by introducing two new initiatives on campus (The Disability Caucus and a new student DREAM chapter), and invite the open discussion of ways that these two new fora might serve to work both together and with other justice initiatives on campus toward a more inclusive campus community.<\/p>\n<p>People who attend the workshop may expect the first half to consist of a lecture overview of the information summarized above. The second half will include open discussion with people who attend, discussing and brainstorming initiatives that these new organizations and their affiliates may pursue on campus, including potential collaborations with other existing justice organizations.<\/p>\n<p>Here is a <a href=\"https:\/\/montclair.instructure.com\/courses\/124029\/modules\/items\/1699186\">recording of our presentation<\/a>.<\/p>\n","protected":false},"excerpt":{"rendered":"<p>Events for Academic Year 2024-2025 2025 Disability Pride Rally May 3 (rain date, May 17) in Montclair, details forthcoming ***FREE*** Disability Pride Art-Making Day, hosted by MAM (Montclair Art Museum) Dear Artists, Students, Families, and Allies, The 5th annual Disability\u00a0Pride\u00a0Parade and Community Inclusion Fair\u00a0coming up on May 3.\u00a0As we all know, the best parades include\u00a0art! [&hellip;]<\/p>\n","protected":false},"author":296,"featured_media":0,"parent":0,"menu_order":4,"comment_status":"closed","ping_status":"closed","template":"","meta":{"inline_featured_image":false,"footnotes":""},"class_list":["post-160","page","type-page","status-publish","hentry"],"_links":{"self":[{"href":"https:\/\/www.montclair.edu\/disability-caucus\/wp-json\/wp\/v2\/pages\/160","targetHints":{"allow":["GET"]}}],"collection":[{"href":"https:\/\/www.montclair.edu\/disability-caucus\/wp-json\/wp\/v2\/pages"}],"about":[{"href":"https:\/\/www.montclair.edu\/disability-caucus\/wp-json\/wp\/v2\/types\/page"}],"author":[{"embeddable":true,"href":"https:\/\/www.montclair.edu\/disability-caucus\/wp-json\/wp\/v2\/users\/296"}],"replies":[{"embeddable":true,"href":"https:\/\/www.montclair.edu\/disability-caucus\/wp-json\/wp\/v2\/comments?post=160"}],"version-history":[{"count":37,"href":"https:\/\/www.montclair.edu\/disability-caucus\/wp-json\/wp\/v2\/pages\/160\/revisions"}],"predecessor-version":[{"id":246,"href":"https:\/\/www.montclair.edu\/disability-caucus\/wp-json\/wp\/v2\/pages\/160\/revisions\/246"}],"wp:attachment":[{"href":"https:\/\/www.montclair.edu\/disability-caucus\/wp-json\/wp\/v2\/media?parent=160"}],"curies":[{"name":"wp","href":"https:\/\/api.w.org\/{rel}","templated":true}]}}