  {"id":20,"date":"2022-02-09T09:55:35","date_gmt":"2022-02-09T14:55:35","guid":{"rendered":"https:\/\/www.montclair.edu\/hispanic-initiatives\/?page_id=20"},"modified":"2026-01-16T11:22:38","modified_gmt":"2026-01-16T16:22:38","slug":"hispanic-student-college-institute-hsci","status":"publish","type":"page","link":"https:\/\/www.montclair.edu\/hispanic-initiatives\/hispanic-student-college-institute-hsci\/","title":{"rendered":"Hispanic Student College Institute (HSCI)"},"content":{"rendered":"<p><strong>Applications for the Hispanic Student College Institute (HSCI) 2026 are now open. The program runs from June 28 &#8211; July 1, 2026. Please s<\/strong><strong>ubmit your application online at: <\/strong><\/p>\n<p><a href=\"https:\/\/apply.montclair.edu\/register\/2026hsci\">https:\/\/apply.montclair.edu\/register\/2026hsci<\/a><\/p>\n<p><strong>Follow us on social media for the latest updates.<br \/>\n<\/strong><\/p>\n<p>Please scroll down for more details about this pre-college program.<\/p>\n<p>Thank you to all of the participants and collaborators who made the 2025 Hispanic Student College Institute (HSCI) possible! Read more about the Hispanic Student College Institute (HSCI): <a rel=\"noopener noreferrer\" href=\"https:\/\/www.montclair.edu\/newscenter\/2024\/07\/11\/hispanic-student-college-institute-gives-high-schoolers-a-head-start\/\" target=\"_blank\"> here. <\/a><\/p>\n<p><strong>Have questions?<\/strong> Please email any questions to: <strong>hsci@montclair.edu<\/strong><br \/>\nStay connected here or on social media for updates.<\/p>\n<div class=\"prpl-row\"><div class=\"prpl-column one-third\">\n<figure class=\"responsive-image-holder wp-caption alignnone\"><img decoding=\"async\" class=\"mlt-responsive-image\" data-original-image=\"\/hispanic-initiatives\/wp-content\/uploads\/sites\/251\/2025\/01\/071024_04667_HSCI_Day4-LAROSA.jpg\" src=\"\/responsive-media\/cache\/hispanic-initiatives\/wp-content\/uploads\/sites\/251\/2025\/01\/071024_04667_HSCI_Day4-LAROSA.jpg.0.1x.generic.jpg\" alt=\"HSCI 2024 Staff Team Photo\"\/><\/figure>\n<figure class=\"responsive-image-holder wp-caption alignnone\"><img decoding=\"async\" class=\"mlt-responsive-image\" data-original-image=\"\/hispanic-initiatives\/wp-content\/uploads\/sites\/251\/2025\/01\/071024_00599_HSCI_Day4-LAROSA.jpg\" src=\"\/responsive-media\/cache\/hispanic-initiatives\/wp-content\/uploads\/sites\/251\/2025\/01\/071024_00599_HSCI_Day4-LAROSA.jpg.0.1x.generic.jpg\" alt=\"HSCI Deloitte Photo\"\/><\/figure>\n<\/div><div class=\"prpl-column one-third\">\n<figure class=\"responsive-image-holder wp-caption alignnone\"><img decoding=\"async\" class=\"mlt-responsive-image\" data-original-image=\"\/hispanic-initiatives\/wp-content\/uploads\/sites\/251\/2025\/01\/070924_01941_HSCI_Day3_pt1-LAROSA.jpg\" src=\"\/responsive-media\/cache\/hispanic-initiatives\/wp-content\/uploads\/sites\/251\/2025\/01\/070924_01941_HSCI_Day3_pt1-LAROSA.jpg.0.1x.generic.jpg\" alt=\"HSCI 2024 Majors\/Career Fair\"\/><\/figure>\n<figure class=\"responsive-image-holder wp-caption alignnone\"><img decoding=\"async\" class=\"mlt-responsive-image\" data-original-image=\"\/hispanic-initiatives\/wp-content\/uploads\/sites\/251\/2025\/01\/070824_04206_HSCI_Day2-LAROSA.jpg\" src=\"\/responsive-media\/cache\/hispanic-initiatives\/wp-content\/uploads\/sites\/251\/2025\/01\/070824_04206_HSCI_Day2-LAROSA.jpg.0.1x.generic.jpg\" alt=\"HSCI Team walking on campus\"\/><\/figure>\n<\/div><div class=\"prpl-column one-third\">\n<figure class=\"responsive-image-holder wp-caption alignnone\"><img decoding=\"async\" class=\"mlt-responsive-image\" data-original-image=\"\/hispanic-initiatives\/wp-content\/uploads\/sites\/251\/2025\/01\/070724_03388_HSCI_Day1-LAROSA.jpg\" src=\"\/responsive-media\/cache\/hispanic-initiatives\/wp-content\/uploads\/sites\/251\/2025\/01\/070724_03388_HSCI_Day1-LAROSA.jpg.0.1x.generic.jpg\" alt=\"HSCI 2024 Dominoes Game\"\/><\/figure>\n<figure class=\"responsive-image-holder wp-caption alignnone\"><img decoding=\"async\" class=\"mlt-responsive-image\" data-original-image=\"\/hispanic-initiatives\/wp-content\/uploads\/sites\/251\/2025\/01\/071024_02606_HSCI_Day4-LAROSA.jpg\" src=\"\/responsive-media\/cache\/hispanic-initiatives\/wp-content\/uploads\/sites\/251\/2025\/01\/071024_02606_HSCI_Day4-LAROSA.jpg.0.1x.generic.jpg\" alt=\"HSCI Photo with Telemundo Reps\"\/><\/figure>\n<\/div><\/div>\n<div class=\"tab-group\"><div class=\"tab-content\"><h2>English<\/h2>\n<h2>HSCI Program Information:<\/h2>\n<p><strong>What are the goals of the Hispanic Student College Institute (HSCI)?<\/strong><br \/>\nThe Hispanic Student College Institute (HSCI) provides a unique and highly interactive opportunity for any high school rising juniors and seniors (regardless of any characteristic protected by Federal laws and the laws of New Jersey including but not limited to family status, religion, nationality and ancestry. The primary purpose is to strengthen the participants\u2019 knowledge on issues related to transitioning to college, future academic success, and applying to college. Our goal is to increase students&#8217; confidence in their ability to navigate the college admissions process and ultimately enroll at the college or university of their choice.<\/p>\n<p><strong>How much does the HSCI cost?<\/strong><br \/>\nThe Hispanic Student College Institute is completely free to all participants. The program includes housing for 3 nights; breakfast, lunch, and dinner for 4 days; and non-credit workshops\/co-curricular activities.<\/p>\n<p>If you need more information, please send an email to <a href=\"mailto:hsci@montclair.edu\">hsci@montclair.edu<\/a> or follow us on <a rel=\"noopener noreferrer\" href=\"http:\/\/www.instagram.com\/hispanicsat_montclair\/\" target=\"_blank\">Instagram<\/a><\/p>\n<h3>Testimonials:<\/h3>\n<p><em>\u201cIt\u2019s always a wonderful event to attend and I am always inspired and moved after spending time with these motivated students. Many of them are the first in their families to go to college and receiving an education not only offers them a path and opportunity to succeed but for many it is their family\u2019s realization of their \u201cAmerican dream\u201d. A lesson I always take away from my time spent at HSCI is that for many of us our path to success, although it requires hard work and diligence, is often clear but for countless members of our society the road to success is more opaque. Giving students the opportunity to connect with others who have travelled the same journey can make all the difference.<\/em><br \/>\n<strong>\u2013 Mary Comito, Montclair State Trustee and State Farm Agent\u201d<\/strong><\/p>\n<p><em>\u201cI was overjoyed by the students\u2019 clear determination and eagerness to network and ask pertinent questions about their futures. They were clearly prepared for the event and knew what they wanted. They kept me on my feet from the time I stepped in and until I left. Events like these show that underrepresented and minoritized students are attracted to the college experience. If only they had genuine opportunities to network and gain entry, they too could succeed beyond anyone\u2019s wildest expectation. It was an honor to take part in such a groundbreaking event for ÌÇÐÄvlog! <\/em><br \/>\n<strong>\u2013 Dr. Jason M. Williams, ÌÇÐÄvlog, Professor of Justice Studies<\/strong><\/p>\n<p><em>\u201cI wanted to send you a note of gratitude for the amazing opportunity you\u2019ve given Matthew. I witnessed my son return with a smile, speak passionately about your program and eager to step into the world to shine! We picked him up and saw him stand taller and prouder. He described the experience as, \u201cthe first time he ever felt as though he belonged.\u201d He said that his assigned mentor was a \u201cgenuinely nice guy that he\u2019d love to stay connected to.\u201d He found the speakers to be informative and helpful, feeling more prepared to begin his college applications. My son plans on putting MSU on his list of schools to attend as a result of the HSCI program! Much\u00edsimas gracias por tu apoyo, direcci\u00f3n y por representar nuestra gente con orgullo.\u201d<\/em><br \/>\n<strong>\u2013 HSCI Parent<\/strong><br \/>\n<\/p><\/div><div class=\"tab-content\"><h2>Espa\u00f1ol<\/h2>\n<h2>Informaci\u00f3n del programa HSCI<\/h2>\n<p>&gt;<br \/>\n<strong>Registracion para el Verano 2026 sera disponsible en el Enero de 2026! Sigue las redes sociales para las \u00faltimas actualizaciones.<\/strong><\/p>\n<p>El Instituto Universitario para Estudiantes Hispanos(HSCI) brinda una oportunidad \u00fanica y altamente interactiva para todos estudiantes de secundaria que est\u00e9n entrando al 11 y 12avo grados para fortalecer sus conocimientos sobre temas relacionados con la transici\u00f3n a la universidad, el futuro \u00e9xito acad\u00e9mico y la solicitud de ingreso a la universidad.<\/p>\n<p>Si est\u00e1 interesada\/o o necesita m\u00e1s informaci\u00f3n, por favor env\u00ede un correo electr\u00f3nico a <a href=\"mailto:hsci@montclair.edu\">hsci@montclair.edu<\/a> o mantente conectado en nuestra pagina de <a rel=\"noopener noreferrer\" href=\"https:\/\/www.facebook.com\/hispanicsatmontclair\" target=\"_blank\">Facebook<\/a> o <a rel=\"noopener noreferrer\" href=\"https:\/\/www.instagram.com\/hispanicsat_montclair\/\" target=\"_blank\">Instagram<\/a><br \/>\n<\/p><\/div><\/p><\/div>\n","protected":false},"excerpt":{"rendered":"<p>Applications for the Hispanic Student College Institute (HSCI) 2026 are now open. The program runs from June 28 &#8211; July 1, 2026. Please submit your application online at: https:\/\/apply.montclair.edu\/register\/2026hsci Follow us on social media for the latest updates. Please scroll down for more details about this pre-college program. Thank you to all of the participants [&hellip;]<\/p>\n","protected":false},"author":273,"featured_media":23,"parent":0,"menu_order":5,"comment_status":"closed","ping_status":"closed","template":"","meta":{"inline_featured_image":false,"footnotes":""},"class_list":["post-20","page","type-page","status-publish","has-post-thumbnail","hentry"],"_links":{"self":[{"href":"https:\/\/www.montclair.edu\/hispanic-initiatives\/wp-json\/wp\/v2\/pages\/20","targetHints":{"allow":["GET"]}}],"collection":[{"href":"https:\/\/www.montclair.edu\/hispanic-initiatives\/wp-json\/wp\/v2\/pages"}],"about":[{"href":"https:\/\/www.montclair.edu\/hispanic-initiatives\/wp-json\/wp\/v2\/types\/page"}],"author":[{"embeddable":true,"href":"https:\/\/www.montclair.edu\/hispanic-initiatives\/wp-json\/wp\/v2\/users\/273"}],"replies":[{"embeddable":true,"href":"https:\/\/www.montclair.edu\/hispanic-initiatives\/wp-json\/wp\/v2\/comments?post=20"}],"version-history":[{"count":62,"href":"https:\/\/www.montclair.edu\/hispanic-initiatives\/wp-json\/wp\/v2\/pages\/20\/revisions"}],"predecessor-version":[{"id":641,"href":"https:\/\/www.montclair.edu\/hispanic-initiatives\/wp-json\/wp\/v2\/pages\/20\/revisions\/641"}],"wp:featuredmedia":[{"embeddable":true,"href":"https:\/\/www.montclair.edu\/hispanic-initiatives\/wp-json\/wp\/v2\/media\/23"}],"wp:attachment":[{"href":"https:\/\/www.montclair.edu\/hispanic-initiatives\/wp-json\/wp\/v2\/media?parent=20"}],"curies":[{"name":"wp","href":"https:\/\/api.w.org\/{rel}","templated":true}]}}